{"id":57,"date":"2023-05-05T08:37:37","date_gmt":"2023-05-05T08:37:37","guid":{"rendered":"https:\/\/eventos1.scoutsbc.org.mx\/?page_id=57"},"modified":"2024-11-03T12:17:54","modified_gmt":"2024-11-03T20:17:54","slug":"eventos","status":"publish","type":"page","link":"https:\/\/eventos1.scoutsbc.org.mx\/?page_id=57","title":{"rendered":"Eventos"},"content":{"rendered":"\n<h2 class=\"wp-block-heading has-text-align-center\"><strong>INSTRUCCIONES<\/strong><\/h2>\n\n\n\n<p class=\"has-text-align-center\">Antes de comenzar. Se tiene que tener el CUM (Clave Unica de Membres\u00eda) de los que son miembros Scouts y se recomienda que este proceso se haga desde una computadora de escritorio o laptop. Si se quiere hacer desde un celular, es necesario tener una aplicaci\u00f3n que pueda editar hojas de c\u00e1lculo de excel (.xlsx).<\/p>\n\n\n\n<h4 class=\"wp-block-heading has-text-align-center\">Esta p\u00e1gina de registro a eventos funciona como una tienda en l\u00ednea, donde podr\u00e1s ir agregando el numero de participates por tipo de participaci\u00f3n que se quiere registrar, pero antes de hacerlo necesitan<strong> descarga el formulario de registro XLSX para el evento correspondiente, ll\u00e9nalo con los datos de las personas que vas a registrar<\/strong><strong> y salva a tu dispositivo o PC. <\/strong><br>Una vez agregado al carrito todos los registros que se quieran hacer, solo basta con <strong>dar Check-out<\/strong> para pasar a la p\u00e1gina de orden.<br><strong><mark style=\"background-color:rgba(0, 0, 0, 0)\" class=\"has-inline-color has-vivid-red-color\">Al hacer check-out se te pedir\u00e1 que subas el archivo de registro ya lleno<\/mark><\/strong>. La cantidad de cada tipo de registro en tu carrito debe coincidir con tu listado, de lo contrario tu registro no se validar\u00e1, aunque se haya pagado. <\/h4>\n\n\n\n<div class=\"wp-block-columns is-layout-flex wp-container-4\">\n<div class=\"wp-block-column is-layout-flow\">\n<div class=\"wp-block-file\"><a id=\"wp-block-file--media-2ec117f5-8e4b-4ef7-afbc-45a8fd04ef0d\" href=\"http:\/\/eventos1.scoutsbc.org.mx\/wp-content\/uploads\/2024\/11\/Formato-de-registro-foros-2024-rev-0.xlsx\">Formato-de-registro-foros-2024-rev-0<\/a><a href=\"http:\/\/eventos1.scoutsbc.org.mx\/wp-content\/uploads\/2024\/11\/Formato-de-registro-foros-2024-rev-0.xlsx\" class=\"wp-block-file__button wp-element-button\" download aria-describedby=\"wp-block-file--media-2ec117f5-8e4b-4ef7-afbc-45a8fd04ef0d\"><img decoding=\"async\" loading=\"lazy\" width=\"1236\" height=\"1600\" class=\"wp-image-1249\" style=\"width: 150px;\" src=\"http:\/\/eventos1.scoutsbc.org.mx\/wp-content\/uploads\/2024\/11\/Escudo-Foros-provinciales-2024.jpg\" alt=\"\" srcset=\"https:\/\/eventos1.scoutsbc.org.mx\/wp-content\/uploads\/2024\/11\/Escudo-Foros-provinciales-2024.jpg 1236w, https:\/\/eventos1.scoutsbc.org.mx\/wp-content\/uploads\/2024\/11\/Escudo-Foros-provinciales-2024-232x300.jpg 232w, https:\/\/eventos1.scoutsbc.org.mx\/wp-content\/uploads\/2024\/11\/Escudo-Foros-provinciales-2024-791x1024.jpg 791w, https:\/\/eventos1.scoutsbc.org.mx\/wp-content\/uploads\/2024\/11\/Escudo-Foros-provinciales-2024-768x994.jpg 768w, https:\/\/eventos1.scoutsbc.org.mx\/wp-content\/uploads\/2024\/11\/Escudo-Foros-provinciales-2024-1187x1536.jpg 1187w, https:\/\/eventos1.scoutsbc.org.mx\/wp-content\/uploads\/2024\/11\/Escudo-Foros-provinciales-2024-416x539.jpg 416w\" sizes=\"(max-width: 1236px) 100vw, 1236px\" \/>Descarga Formato de registro ESPECIAL foros de provincia 2024<\/a><\/div>\n<\/div>\n\n\n\n<div class=\"wp-block-column is-layout-flow\">\n<div class=\"wp-block-file\"><a id=\"wp-block-file--media-8dec29a3-ad66-4d5e-9639-2839ed0a2142\" href=\"http:\/\/eventos1.scoutsbc.org.mx\/wp-content\/uploads\/2023\/11\/Formato-de-registro-2023-rev-2.xlsx\">Formato-de-registro-2023-rev-2<\/a><a href=\"http:\/\/eventos1.scoutsbc.org.mx\/wp-content\/uploads\/2023\/11\/Formato-de-registro-2023-rev-2.xlsx\" class=\"wp-block-file__button wp-element-button\" download aria-describedby=\"wp-block-file--media-8dec29a3-ad66-4d5e-9639-2839ed0a2142\"><img decoding=\"async\" loading=\"lazy\" width=\"400\" height=\"260\" class=\"wp-image-1106\" style=\"width: 150px;\" src=\"http:\/\/eventos1.scoutsbc.org.mx\/wp-content\/uploads\/2024\/08\/Convocatoria-Curso-Actualizacion-Acatl-2024-hbs2.jpg\" alt=\"\" srcset=\"https:\/\/eventos1.scoutsbc.org.mx\/wp-content\/uploads\/2024\/08\/Convocatoria-Curso-Actualizacion-Acatl-2024-hbs2.jpg 400w, https:\/\/eventos1.scoutsbc.org.mx\/wp-content\/uploads\/2024\/08\/Convocatoria-Curso-Actualizacion-Acatl-2024-hbs2-300x195.jpg 300w\" sizes=\"(max-width: 400px) 100vw, 400px\" \/>Descarga Formato general de registro a evento rev 2<\/a><\/div>\n<\/div>\n\n\n\n<div class=\"wp-block-column is-layout-flow\"><\/div>\n<\/div>\n\n\n\n<div class=\"wp-block-columns is-layout-flex wp-container-8\">\n<div class=\"wp-block-column is-layout-flow\"><\/div>\n\n\n\n<div class=\"wp-block-column is-layout-flow\"><\/div>\n\n\n\n<div class=\"wp-block-column is-layout-flow\"><\/div>\n<\/div>\n\n\n\n<h4 class=\"wp-block-heading\"><strong>IMPORTANTE.<\/strong> No mezclar eventos, cada evento tiene su formulario de registro y los pagos deben ser por separado. <strong>Solo se permite subir un formulario por carrito<\/strong>.<br><strong>No se pueden mezclar m\u00e9todos de pago<\/strong>, por ejemplo. No se pueden pagar unos registros por Clip y otros por transferencia en el mismo listado de registro.<br><\/h4>\n\n\n\n<p class=\"has-small-font-size\"><strong>Tip.<\/strong> Puedes agregar varios registros de un mismo tipo (por ejemplo, 10 participantes) utilizando el campo de cantidad desplegable seg\u00fan el tipo de registro que requieran. Todo se va al carrito y hacer check-out para pagar todos. Recuerda anotar bien el tipo de registro que es en el formato correspondiente EXCEL.<\/p>\n\n\n\n<h2 class=\"wp-block-heading\">Directorio de eventos.<\/h2>\n\n\n\n\n\n<h2 class=\"wp-block-heading\">Convocatorias<\/h2>\n\n\n\n<figure class=\"wp-block-table alignleft is-style-stripes\"><table><tbody><tr><td><\/td><td><\/td><td><img decoding=\"async\" loading=\"lazy\" width=\"400\" height=\"260\" class=\"wp-image-1106\" style=\"width: 220px;\" src=\"http:\/\/eventos1.scoutsbc.org.mx\/wp-content\/uploads\/2024\/08\/Convocatoria-Curso-Actualizacion-Acatl-2024-hbs2.jpg\" alt=\"\" srcset=\"https:\/\/eventos1.scoutsbc.org.mx\/wp-content\/uploads\/2024\/08\/Convocatoria-Curso-Actualizacion-Acatl-2024-hbs2.jpg 400w, https:\/\/eventos1.scoutsbc.org.mx\/wp-content\/uploads\/2024\/08\/Convocatoria-Curso-Actualizacion-Acatl-2024-hbs2-300x195.jpg 300w\" sizes=\"(max-width: 400px) 100vw, 400px\" \/><br><a href=\"https:\/\/eventos1.scoutsbc.org.mx\/wp-content\/uploads\/2024\/08\/Convocatoria-Curso-Actualizacion-Acatl-2024-hbs2.pdf\" target=\"_blank\" rel=\"noreferrer noopener\">Convocatoria CAIM Oct.2024<\/a><\/td><\/tr><tr><td><img decoding=\"async\" loading=\"lazy\" width=\"1335\" height=\"2739\" class=\"wp-image-529\" style=\"width: 100px;\" src=\"http:\/\/eventos1.scoutsbc.org.mx\/wp-content\/uploads\/2023\/09\/Logo-Tropa-de-Scouts-Mexico-2022.png\" alt=\"\" srcset=\"https:\/\/eventos1.scoutsbc.org.mx\/wp-content\/uploads\/2023\/09\/Logo-Tropa-de-Scouts-Mexico-2022.png 1335w, https:\/\/eventos1.scoutsbc.org.mx\/wp-content\/uploads\/2023\/09\/Logo-Tropa-de-Scouts-Mexico-2022-146x300.png 146w, https:\/\/eventos1.scoutsbc.org.mx\/wp-content\/uploads\/2023\/09\/Logo-Tropa-de-Scouts-Mexico-2022-499x1024.png 499w, https:\/\/eventos1.scoutsbc.org.mx\/wp-content\/uploads\/2023\/09\/Logo-Tropa-de-Scouts-Mexico-2022-768x1576.png 768w, https:\/\/eventos1.scoutsbc.org.mx\/wp-content\/uploads\/2023\/09\/Logo-Tropa-de-Scouts-Mexico-2022-749x1536.png 749w, https:\/\/eventos1.scoutsbc.org.mx\/wp-content\/uploads\/2023\/09\/Logo-Tropa-de-Scouts-Mexico-2022-998x2048.png 998w, https:\/\/eventos1.scoutsbc.org.mx\/wp-content\/uploads\/2023\/09\/Logo-Tropa-de-Scouts-Mexico-2022-1320x2708.png 1320w, https:\/\/eventos1.scoutsbc.org.mx\/wp-content\/uploads\/2023\/09\/Logo-Tropa-de-Scouts-Mexico-2022-416x854.png 416w\" sizes=\"(max-width: 1335px) 100vw, 1335px\" \/><a href=\"http:\/\/eventos1.scoutsbc.org.mx\/wp-content\/uploads\/2024\/11\/Convocatoria-Foros-Provinciales-de-Tropa-BCN-2024.pdf\" target=\"_blank\" rel=\"noreferrer noopener\">Convocatoria Foro Provincial B.C. de Tropas de Scouts<\/a><\/td><td><img decoding=\"async\" loading=\"lazy\" width=\"1371\" height=\"2739\" class=\"wp-image-531\" style=\"width: 100px;\" src=\"http:\/\/eventos1.scoutsbc.org.mx\/wp-content\/uploads\/2023\/09\/Logo-Comunidad-de-caminantes-Mexico-2022.png\" alt=\"\" srcset=\"https:\/\/eventos1.scoutsbc.org.mx\/wp-content\/uploads\/2023\/09\/Logo-Comunidad-de-caminantes-Mexico-2022.png 1371w, https:\/\/eventos1.scoutsbc.org.mx\/wp-content\/uploads\/2023\/09\/Logo-Comunidad-de-caminantes-Mexico-2022-150x300.png 150w, https:\/\/eventos1.scoutsbc.org.mx\/wp-content\/uploads\/2023\/09\/Logo-Comunidad-de-caminantes-Mexico-2022-513x1024.png 513w, https:\/\/eventos1.scoutsbc.org.mx\/wp-content\/uploads\/2023\/09\/Logo-Comunidad-de-caminantes-Mexico-2022-768x1534.png 768w, https:\/\/eventos1.scoutsbc.org.mx\/wp-content\/uploads\/2023\/09\/Logo-Comunidad-de-caminantes-Mexico-2022-769x1536.png 769w, https:\/\/eventos1.scoutsbc.org.mx\/wp-content\/uploads\/2023\/09\/Logo-Comunidad-de-caminantes-Mexico-2022-1025x2048.png 1025w, https:\/\/eventos1.scoutsbc.org.mx\/wp-content\/uploads\/2023\/09\/Logo-Comunidad-de-caminantes-Mexico-2022-1320x2637.png 1320w, https:\/\/eventos1.scoutsbc.org.mx\/wp-content\/uploads\/2023\/09\/Logo-Comunidad-de-caminantes-Mexico-2022-416x831.png 416w\" sizes=\"(max-width: 1371px) 100vw, 1371px\" \/><a href=\"http:\/\/eventos1.scoutsbc.org.mx\/wp-content\/uploads\/2024\/11\/Convocatoria-Foros-Provinciales-de-Comunidad-BCN-2024.pdf\" target=\"_blank\" rel=\"noreferrer noopener\">Convocatoria Foro Provincial B.C. de Comunidades de Caminantes<\/a><\/td><td><img decoding=\"async\" loading=\"lazy\" width=\"1376\" height=\"2739\" class=\"wp-image-533\" style=\"width: 100px;\" src=\"http:\/\/eventos1.scoutsbc.org.mx\/wp-content\/uploads\/2023\/09\/Logo-Clan-de-Rovers-Mexico-2022.png\" alt=\"\" srcset=\"https:\/\/eventos1.scoutsbc.org.mx\/wp-content\/uploads\/2023\/09\/Logo-Clan-de-Rovers-Mexico-2022.png 1376w, https:\/\/eventos1.scoutsbc.org.mx\/wp-content\/uploads\/2023\/09\/Logo-Clan-de-Rovers-Mexico-2022-151x300.png 151w, https:\/\/eventos1.scoutsbc.org.mx\/wp-content\/uploads\/2023\/09\/Logo-Clan-de-Rovers-Mexico-2022-514x1024.png 514w, https:\/\/eventos1.scoutsbc.org.mx\/wp-content\/uploads\/2023\/09\/Logo-Clan-de-Rovers-Mexico-2022-768x1529.png 768w, https:\/\/eventos1.scoutsbc.org.mx\/wp-content\/uploads\/2023\/09\/Logo-Clan-de-Rovers-Mexico-2022-772x1536.png 772w, https:\/\/eventos1.scoutsbc.org.mx\/wp-content\/uploads\/2023\/09\/Logo-Clan-de-Rovers-Mexico-2022-1029x2048.png 1029w, https:\/\/eventos1.scoutsbc.org.mx\/wp-content\/uploads\/2023\/09\/Logo-Clan-de-Rovers-Mexico-2022-1320x2628.png 1320w, https:\/\/eventos1.scoutsbc.org.mx\/wp-content\/uploads\/2023\/09\/Logo-Clan-de-Rovers-Mexico-2022-416x828.png 416w\" sizes=\"(max-width: 1376px) 100vw, 1376px\" \/><a href=\"http:\/\/eventos1.scoutsbc.org.mx\/wp-content\/uploads\/2024\/11\/Convocatoria_Foros_Provinciales_de_Rovers_BCN_2024.pdf\" target=\"_blank\" rel=\"noreferrer noopener\">Convocatoria Foro Provincial B.C. de Clanes de Rovers<\/a><\/td><\/tr><\/tbody><\/table><figcaption class=\"wp-element-caption\">Se considera como convocatoria oficial la que se haya enviado por medio de correo institucional a los Jefes de Grupo. En caso de haber discrepancia entre la publicada aqu\u00ed, se deber\u00e1 utilizar la recibida por el Jefe de Grupo.<\/figcaption><\/figure>\n","protected":false},"excerpt":{"rendered":"<p>INSTRUCCIONES Antes de comenzar. Se tiene que tener el CUM (Clave Unica de Membres\u00eda) de los que son miembros Scouts y se recomienda que este proceso se haga desde una computadora de escritorio o laptop. Si se quiere hacer desde un celular, es necesario tener una aplicaci\u00f3n que pueda editar hojas de c\u00e1lculo de excel [&hellip;]<\/p>\n","protected":false},"author":1,"featured_media":0,"parent":0,"menu_order":10,"comment_status":"closed","ping_status":"closed","template":"","meta":[],"_links":{"self":[{"href":"https:\/\/eventos1.scoutsbc.org.mx\/index.php?rest_route=\/wp\/v2\/pages\/57"}],"collection":[{"href":"https:\/\/eventos1.scoutsbc.org.mx\/index.php?rest_route=\/wp\/v2\/pages"}],"about":[{"href":"https:\/\/eventos1.scoutsbc.org.mx\/index.php?rest_route=\/wp\/v2\/types\/page"}],"author":[{"embeddable":true,"href":"https:\/\/eventos1.scoutsbc.org.mx\/index.php?rest_route=\/wp\/v2\/users\/1"}],"replies":[{"embeddable":true,"href":"https:\/\/eventos1.scoutsbc.org.mx\/index.php?rest_route=%2Fwp%2Fv2%2Fcomments&post=57"}],"version-history":[{"count":59,"href":"https:\/\/eventos1.scoutsbc.org.mx\/index.php?rest_route=\/wp\/v2\/pages\/57\/revisions"}],"predecessor-version":[{"id":1254,"href":"https:\/\/eventos1.scoutsbc.org.mx\/index.php?rest_route=\/wp\/v2\/pages\/57\/revisions\/1254"}],"wp:attachment":[{"href":"https:\/\/eventos1.scoutsbc.org.mx\/index.php?rest_route=%2Fwp%2Fv2%2Fmedia&parent=57"}],"curies":[{"name":"wp","href":"https:\/\/api.w.org\/{rel}","templated":true}]}}